{"id":198,"date":"2015-03-30T09:35:36","date_gmt":"2015-03-30T07:35:36","guid":{"rendered":"https:\/\/tckirchheim.wordpress.com\/?page_id=198"},"modified":"2024-02-26T11:12:38","modified_gmt":"2024-02-26T10:12:38","slug":"impressum","status":"publish","type":"page","link":"https:\/\/tc-kirchheim-schwaben.de\/?page_id=198","title":{"rendered":"Impressum"},"content":{"rendered":"<p>TC Kirchheim e. V.<br \/>\nAngerweg 17<br \/>\n87757 Kirchheim<\/p>\n<p>Internet: <a href=\"www.tc-kirchheim-schwaben.de\">www.tc-kirchheim-schwaben.de<\/a><br \/>\nEmail: \u00a0<a href=\"mailto:info@tc-kirchheim-schwaben.de\">info@tc-kirchheim-schwaben.de<\/a><\/p>\n<p>Vertretungsberechtigter Vorstand: Marc Mendel, Sabrina Danner<br \/>\nRegistergericht: Amtsgericht Memmingen<br \/>\nRegisternummer: VR 584<\/p>\n<p>Inhaltlich Verantwortlicher gem\u00e4\u00df \u00a7 10 Absatz 3 MDStV: Marc\u00a0Mendel<\/p>\n<p>Haftungshinweis:<\/p>\n<p>Trotz sorgf\u00e4ltiger inhaltlicher Kontrolle \u00fcbernehmen wir keine Haftung f\u00fcr die Inhalte externer Links.<\/p>\n<p>F\u00fcr den Inhalt der verlinkten Seiten sind ausschlie\u00dflich deren Betreiber verantwortlich.<\/p>\n","protected":false},"excerpt":{"rendered":"<p>TC Kirchheim e. V. Angerweg 17 87757 Kirchheim Internet: www.tc-kirchheim-schwaben.de Email: \u00a0info@tc-kirchheim-schwaben.de Vertretungsberechtigter Vorstand: Marc Mendel, Sabrina Danner Registergericht: Amtsgericht Memmingen Registernummer: VR 584 Inhaltlich Verantwortlicher gem\u00e4\u00df \u00a7 10 Absatz 3 MDStV: Marc\u00a0Mendel Haftungshinweis: Trotz sorgf\u00e4ltiger inhaltlicher Kontrolle \u00fcbernehmen wir&#8230;<br \/><a class=\"read-more-button\" href=\"https:\/\/tc-kirchheim-schwaben.de\/?page_id=198\">Read more<\/a><\/p>\n","protected":false},"author":2,"featured_media":0,"parent":0,"menu_order":999,"comment_status":"closed","ping_status":"closed","template":"","meta":{"footnotes":""},"class_list":["post-198","page","type-page","status-publish","hentry"],"_links":{"self":[{"href":"https:\/\/tc-kirchheim-schwaben.de\/index.php?rest_route=\/wp\/v2\/pages\/198","targetHints":{"allow":["GET"]}}],"collection":[{"href":"https:\/\/tc-kirchheim-schwaben.de\/index.php?rest_route=\/wp\/v2\/pages"}],"about":[{"href":"https:\/\/tc-kirchheim-schwaben.de\/index.php?rest_route=\/wp\/v2\/types\/page"}],"author":[{"embeddable":true,"href":"https:\/\/tc-kirchheim-schwaben.de\/index.php?rest_route=\/wp\/v2\/users\/2"}],"replies":[{"embeddable":true,"href":"https:\/\/tc-kirchheim-schwaben.de\/index.php?rest_route=%2Fwp%2Fv2%2Fcomments&post=198"}],"version-history":[{"count":8,"href":"https:\/\/tc-kirchheim-schwaben.de\/index.php?rest_route=\/wp\/v2\/pages\/198\/revisions"}],"predecessor-version":[{"id":2749342,"href":"https:\/\/tc-kirchheim-schwaben.de\/index.php?rest_route=\/wp\/v2\/pages\/198\/revisions\/2749342"}],"wp:attachment":[{"href":"https:\/\/tc-kirchheim-schwaben.de\/index.php?rest_route=%2Fwp%2Fv2%2Fmedia&parent=198"}],"curies":[{"name":"wp","href":"https:\/\/api.w.org\/{rel}","templated":true}]}}