
{"id":37,"date":"2015-03-26T16:03:44","date_gmt":"2015-03-26T14:03:44","guid":{"rendered":"https:\/\/tckirchheim.wordpress.com\/?page_id=37"},"modified":"2022-08-24T15:06:33","modified_gmt":"2022-08-24T13:06:33","slug":"mitglied-werden","status":"publish","type":"page","link":"https:\/\/tc-kirchheim-schwaben.de\/?page_id=37","title":{"rendered":"Mitglied werden"},"content":{"rendered":"<p>Um beim TC Kirchheim Mitglied zu werden, f\u00fcllen Sie bitte den <strong><a href=\"http:\/\/tc-kirchheim-schwaben.de\/wp-content\/uploads\/2022\/08\/Aufnahmeantrag-TCK2022.pdf\">Mitgliedsantrag<\/a><\/strong>\u00a0aus und geben ihn im Clubheim ab.<\/p>\n<p>Derzeit werden <strong>keine Aufnahmegeb\u00fchren<\/strong> erhoben, die j\u00e4hrlichen Beitragss\u00e4tze sind wie folgt:<\/p>\n<style>\r\n\r\ntable#t2 {\r\nborder-collapse: collapse;\t\r\nborder-width: 0px;\r\nborder-style: outset;\r\nmargin: 20px 0;\r\nline-height: 2.0em;\r\ntext-align: center;\r\nvertical-align: top;width: 100%;border-top: 1px solid #EEEEEE;border-bottom: 1px solid #EEEEEE;border-right: 1px solid #EEEEEE;box-shadow: 0 2px 3px rgba(0, 0, 0, 0.4);\r\n}\r\ntable#t2 thead tr {\r\n\r\n}\r\ntable#t2 thead tr th.t2 {\r\ncolor: #333333;\r\nbackground: none repeat scroll 0 0 #FFFFFF;\r\nfont-size: 0.2em;\r\nletter-spacing: 0;\r\nline-height: 0.2;\r\npadding: 4px;\r\ntext-transform: none;\r\ntext-align: center;border-bottom: 1px solid #EEEEEE;border-left: 1px solid #EEEEEE;\r\n}\r\n\r\ntable#t2 thead tr th#t2.start {\r\n\r\n}\r\ntable#t2 thead tr th#t2.end {\r\n\r\n}\r\ntable#t2 tbody tr {\r\n    background: none repeat scroll 0 0 #FFFFFF;\r\n}\r\ntable#t2 tbody tr.table-alternate {\r\n    background: none repeat scroll 0 0 #FDFDFD;\r\n}\r\ntable#t2 tbody tr td#n1 {\r\n\twidth: 75%;\r\n\t}table#t2 tbody tr td#n2 {\r\n\twidth: 25%;\r\n\t}\r\n\r\ntable#t2 tbody tr td {\r\n    padding: 5px;\r\n\tborder-width: 0px;\r\n\tfont-size: 1.0em;\r\n\tborder-top: medium none;border-bottom: 1px solid #EEEEEE;border-left: 1px solid #EEEEEE;\r\n    text-align: center;\r\n\tline-height: 1.2;\r\n\tvertical-align: top;\r\n}\r\n}\r\ntable#t2 tfoot tr {\r\n}\r\n\r\ntable#t2 tfoot tr td {\r\n    background: none repeat scroll 0 0 #FCFCFC;\t\r\n\tpadding: 4px;\r\n\tborder-width: 0px;\r\n\tcolor: #7a7a7a;\r\n\tfont-size: 1.0em;\r\n\tborder-top: medium none;\r\n    text-align: center;border-left: 1px solid #EEEEEE;\r\n}\r\n<\/style><table id=\"t2\">\r\n\t<tbody><tr class=\"table-alternate row1\"> <td id=\"n1\" class=\"start\">Aktives Mitglied ab 18 Jahre<\/td><td id=\"n2\" >75,00 \u20ac<\/td><\/tr><tr class= \"table-noalt row2\"><td id=\"n1\" class=\"start\">Aktives Mitglied als Ehegatte eines aktiven Mitglieds<\/td><td id=\"n2\" >37,50 \u20ac<\/td><\/tr><tr class=\"table-alternate row3\"> <td id=\"n1\" class=\"start\">Studenten und Auszubildende ab 18 Jahre<\/td><td id=\"n2\" >50,00 \u20ac<\/td><\/tr><tr class= \"table-noalt row4\"><td id=\"n1\" class=\"start\">Jugendliche von 14 \u2013 17 Jahre<\/td><td id=\"n2\" >40,00 \u20ac<\/td><\/tr><tr class=\"table-alternate row5\"> <td id=\"n1\" class=\"start\">Jugendliche von 6 \u2013 13 Jahre<\/td><td id=\"n2\" >30,00 \u20ac<\/td><\/tr><tr class= \"table-noalt row6\"><td id=\"n1\" class=\"start\">Passive Mitglieder<\/td><td id=\"n2\" >25,00 \u20ac<\/td><\/tr><tr class=\"table-alternate row7\"> <td id=\"n1\" class=\"start\">Mitglieder ab 65 Jahre<\/td><td id=\"n2\" >37,50 \u20ac<\/td><\/tr><\/tbody><\/table>\n","protected":false},"excerpt":{"rendered":"<p>Um beim TC Kirchheim Mitglied zu werden, f\u00fcllen Sie bitte den Mitgliedsantrag\u00a0aus und geben ihn im Clubheim ab. Derzeit werden keine Aufnahmegeb\u00fchren erhoben, die j\u00e4hrlichen Beitragss\u00e4tze sind wie folgt:<\/p>\n","protected":false},"author":2,"featured_media":0,"parent":0,"menu_order":110,"comment_status":"closed","ping_status":"closed","template":"","meta":{"footnotes":""},"class_list":["post-37","page","type-page","status-publish","hentry"],"_links":{"self":[{"href":"https:\/\/tc-kirchheim-schwaben.de\/index.php?rest_route=\/wp\/v2\/pages\/37","targetHints":{"allow":["GET"]}}],"collection":[{"href":"https:\/\/tc-kirchheim-schwaben.de\/index.php?rest_route=\/wp\/v2\/pages"}],"about":[{"href":"https:\/\/tc-kirchheim-schwaben.de\/index.php?rest_route=\/wp\/v2\/types\/page"}],"author":[{"embeddable":true,"href":"https:\/\/tc-kirchheim-schwaben.de\/index.php?rest_route=\/wp\/v2\/users\/2"}],"replies":[{"embeddable":true,"href":"https:\/\/tc-kirchheim-schwaben.de\/index.php?rest_route=%2Fwp%2Fv2%2Fcomments&post=37"}],"version-history":[{"count":5,"href":"https:\/\/tc-kirchheim-schwaben.de\/index.php?rest_route=\/wp\/v2\/pages\/37\/revisions"}],"predecessor-version":[{"id":2749041,"href":"https:\/\/tc-kirchheim-schwaben.de\/index.php?rest_route=\/wp\/v2\/pages\/37\/revisions\/2749041"}],"wp:attachment":[{"href":"https:\/\/tc-kirchheim-schwaben.de\/index.php?rest_route=%2Fwp%2Fv2%2Fmedia&parent=37"}],"curies":[{"name":"wp","href":"https:\/\/api.w.org\/{rel}","templated":true}]}}