{"id":79,"date":"2015-03-26T20:52:30","date_gmt":"2015-03-26T18:52:30","guid":{"rendered":"https:\/\/tckirchheim.wordpress.com\/?page_id=79"},"modified":"2026-03-15T22:56:43","modified_gmt":"2026-03-15T21:56:43","slug":"damen","status":"publish","type":"page","link":"https:\/\/tc-kirchheim-schwaben.de\/?page_id=79","title":{"rendered":"Damen"},"content":{"rendered":"\n<h2 class=\"wp-block-heading\">Hier geht es zum Spielplan und Tabelle der Damen<\/h2>\n\n\n\n<hr class=\"wp-block-separator has-alpha-channel-opacity\"\/>\n\n\n\n<h2 class=\"wp-block-heading\">&nbsp;1. Damen:<\/h2>\n\n\n\n<h2 class=\"wp-block-heading\"><a href=\"https:\/\/www.btv.de\/de\/spielbetrieb\/tabelle-spielplan.html?groupid=2216015\" target=\"_blank\" rel=\"noreferrer noopener\">Damen S\u00fcdliga 1 Gr. 142<\/a><\/h2>\n\n\n\n<hr class=\"wp-block-separator has-alpha-channel-opacity\"\/>\n\n\n\n<h2 class=\"wp-block-heading\">2. Damen:<\/h2>\n\n\n\n<h2 class=\"wp-block-heading\"><a href=\"https:\/\/www.btv.de\/de\/spielbetrieb\/tabelle-spielplan.html?groupid=2216053\" target=\"_blank\" rel=\"noreferrer noopener\">Damen S\u00fcdliga 3 Gr. 166<\/a><\/h2>\n\n\n\n<hr class=\"wp-block-separator has-alpha-channel-opacity\"\/>\n\n\n\n<h2 class=\"wp-block-heading\">3. Damen (4er):<\/h2>\n\n\n\n<h2 class=\"wp-block-heading\"><a href=\"https:\/\/www.btv.de\/de\/spielbetrieb\/tabelle-spielplan.html?groupid=2216095\" target=\"_blank\" rel=\"noreferrer noopener\">Damen S\u00fcdliga 5 (4er) Gr. 212<\/a><\/h2>\n\n\n\n<p><\/p>\n","protected":false},"excerpt":{"rendered":"<p>Hier geht es zum Spielplan und Tabelle der Damen &nbsp;1. Damen: Damen S\u00fcdliga 1 Gr. 142 2. Damen: Damen S\u00fcdliga 3 Gr. 166 3. Damen (4er): Damen S\u00fcdliga 5 (4er) Gr. 212<\/p>\n","protected":false},"author":2,"featured_media":0,"parent":31,"menu_order":2,"comment_status":"closed","ping_status":"closed","template":"","meta":{"footnotes":""},"class_list":["post-79","page","type-page","status-publish","hentry"],"_links":{"self":[{"href":"https:\/\/tc-kirchheim-schwaben.de\/index.php?rest_route=\/wp\/v2\/pages\/79","targetHints":{"allow":["GET"]}}],"collection":[{"href":"https:\/\/tc-kirchheim-schwaben.de\/index.php?rest_route=\/wp\/v2\/pages"}],"about":[{"href":"https:\/\/tc-kirchheim-schwaben.de\/index.php?rest_route=\/wp\/v2\/types\/page"}],"author":[{"embeddable":true,"href":"https:\/\/tc-kirchheim-schwaben.de\/index.php?rest_route=\/wp\/v2\/users\/2"}],"replies":[{"embeddable":true,"href":"https:\/\/tc-kirchheim-schwaben.de\/index.php?rest_route=%2Fwp%2Fv2%2Fcomments&post=79"}],"version-history":[{"count":23,"href":"https:\/\/tc-kirchheim-schwaben.de\/index.php?rest_route=\/wp\/v2\/pages\/79\/revisions"}],"predecessor-version":[{"id":2750813,"href":"https:\/\/tc-kirchheim-schwaben.de\/index.php?rest_route=\/wp\/v2\/pages\/79\/revisions\/2750813"}],"up":[{"embeddable":true,"href":"https:\/\/tc-kirchheim-schwaben.de\/index.php?rest_route=\/wp\/v2\/pages\/31"}],"wp:attachment":[{"href":"https:\/\/tc-kirchheim-schwaben.de\/index.php?rest_route=%2Fwp%2Fv2%2Fmedia&parent=79"}],"curies":[{"name":"wp","href":"https:\/\/api.w.org\/{rel}","templated":true}]}}